{"id":1376,"date":"2018-10-14T09:24:46","date_gmt":"2018-10-14T07:24:46","guid":{"rendered":"http:\/\/podjeleniem.pl\/sprawdz-dostepnosc-pokoi\/"},"modified":"2018-11-28T15:07:38","modified_gmt":"2018-11-28T14:07:38","slug":"ueberpruefen-sie-die-verfuegbarkeit-der-zimmer","status":"publish","type":"page","link":"https:\/\/podjeleniem.pl\/de\/ueberpruefen-sie-die-verfuegbarkeit-der-zimmer\/","title":{"rendered":"\u00dcberpr\u00fcfen Sie die Verf\u00fcgbarkeit der Zimmer"},"content":{"rendered":"\t\t<div data-elementor-type=\"wp-post\" data-elementor-id=\"1376\" class=\"elementor elementor-1376 elementor-bc-flex-widget\">\n\t\t\t\t\t\t<section class=\"elementor-section elementor-top-section elementor-element elementor-element-720bef2 elementor-section-boxed elementor-section-height-default elementor-section-height-default\" data-id=\"720bef2\" data-element_type=\"section\" data-e-type=\"section\">\n\t\t\t\t\t\t<div class=\"elementor-container elementor-column-gap-default\">\n\t\t\t\t\t<div class=\"elementor-column elementor-col-33 elementor-top-column elementor-element elementor-element-50c8e38\" data-id=\"50c8e38\" data-element_type=\"column\" data-e-type=\"column\">\n\t\t\t<div class=\"elementor-widget-wrap elementor-element-populated\">\n\t\t\t\t\t\t<div class=\"elementor-element elementor-element-ef6d97b elementor-widget elementor-widget-heading\" data-id=\"ef6d97b\" data-element_type=\"widget\" data-e-type=\"widget\" data-widget_type=\"heading.default\">\n\t\t\t\t<div class=\"elementor-widget-container\">\n\t\t\t\t\t<h3 class=\"elementor-heading-title elementor-size-medium\">Wir laden Sie ein,<br \/>das Zimmerverf\u00fcgbarkeisformular<br \/>zu verwenden.<\/h3>\t\t\t\t<\/div>\n\t\t\t\t<\/div>\n\t\t\t\t<div class=\"elementor-element elementor-element-00a0a0f elementor-widget elementor-widget-text-editor\" data-id=\"00a0a0f\" data-element_type=\"widget\" data-e-type=\"widget\" data-widget_type=\"text-editor.default\">\n\t\t\t\t<div class=\"elementor-widget-container\">\n\t\t\t\t\t\t\t\t\tBitte f\u00fcllen Sie alle erforderlichen Felder des Formulars aus. Unsere Rezeptionisten werden sich so\nschnell wie m\u00f6glich mit Ihnen in Verbindung setzen und Ihnen ein detailliertes Angebot Ihres\nAufenthalts unterbreiten.\t\t\t\t\t\t\t\t<\/div>\n\t\t\t\t<\/div>\n\t\t\t\t\t<\/div>\n\t\t<\/div>\n\t\t\t\t<div class=\"elementor-column elementor-col-66 elementor-top-column elementor-element elementor-element-30f449c\" data-id=\"30f449c\" data-element_type=\"column\" data-e-type=\"column\">\n\t\t\t<div class=\"elementor-widget-wrap elementor-element-populated\">\n\t\t\t\t\t\t<div class=\"elementor-element elementor-element-c335d47 elementor-widget elementor-widget-wp-widget-wpforms-widget\" data-id=\"c335d47\" data-element_type=\"widget\" data-e-type=\"widget\" data-widget_type=\"wp-widget-wpforms-widget.default\">\n\t\t\t\t<div class=\"elementor-widget-container\">\n\t\t\t\t\t<div class=\"wpforms-container wpforms-container-full\" id=\"wpforms-1378\"><form id=\"wpforms-form-1378\" class=\"wpforms-validate wpforms-form\" data-formid=\"1378\" method=\"post\" enctype=\"multipart\/form-data\" action=\"\/de\/wp-json\/wp\/v2\/pages\/1376\"><div class=\"wpforms-field-container\"><div id=\"wpforms-1378-field_1-container\" class=\"wpforms-field wpforms-field-name\" data-field-id=\"1\"><label class=\"wpforms-field-label\" for=\"wpforms-1378-field_1\">Vorname, Nachname <span class=\"wpforms-required-label\">*<\/span><\/label><input type=\"text\" id=\"wpforms-1378-field_1\" class=\"wpforms-field-large wpforms-field-required\" name=\"wpforms[fields][1]\" required><\/div><div id=\"wpforms-1378-field_2-container\" class=\"wpforms-field wpforms-field-phone\" data-field-id=\"2\"><label class=\"wpforms-field-label\" for=\"wpforms-1378-field_2\">Telefon <span class=\"wpforms-required-label\">*<\/span><\/label><input type=\"tel\" id=\"wpforms-1378-field_2\" class=\"wpforms-field-large wpforms-field-required\" name=\"wpforms[fields][2]\" required><\/div><div id=\"wpforms-1378-field_3-container\" class=\"wpforms-field wpforms-field-email\" data-field-id=\"3\"><label class=\"wpforms-field-label\" for=\"wpforms-1378-field_3\">Email<\/label><input type=\"email\" id=\"wpforms-1378-field_3\" class=\"wpforms-field-large\" name=\"wpforms[fields][3]\" ><\/div><div id=\"wpforms-1378-field_4-container\" class=\"wpforms-field wpforms-field-date-time wpforms-one-half wpforms-first\" data-field-id=\"4\"><label class=\"wpforms-field-label\" for=\"wpforms-1378-field_4\">Datum der Ankunft <span class=\"wpforms-required-label\">*<\/span><\/label><input type=\"text\" id=\"wpforms-1378-field_4\" class=\"wpforms-field-date-time-date wpforms-datepicker wpforms-field-required wpforms-field-large\" data-date-format=\"d\/m\/Y\" name=\"wpforms[fields][4][date]\" required><\/div><div id=\"wpforms-1378-field_5-container\" class=\"wpforms-field wpforms-field-date-time wpforms-one-half\" data-field-id=\"5\"><label class=\"wpforms-field-label\" for=\"wpforms-1378-field_5\">Datum der Abreise <span class=\"wpforms-required-label\">*<\/span><\/label><input type=\"text\" id=\"wpforms-1378-field_5\" class=\"wpforms-field-date-time-date wpforms-datepicker wpforms-field-required wpforms-field-large\" data-date-format=\"d\/m\/Y\" name=\"wpforms[fields][5][date]\" required><\/div><div id=\"wpforms-1378-field_6-container\" class=\"wpforms-field wpforms-field-number wpforms-one-half wpforms-first\" data-field-id=\"6\"><label class=\"wpforms-field-label\" for=\"wpforms-1378-field_6\">Anzahl der Erwachsenen <span class=\"wpforms-required-label\">*<\/span><\/label><input type=\"number\" id=\"wpforms-1378-field_6\" class=\"wpforms-field-large wpforms-field-required\" name=\"wpforms[fields][6]\" required><\/div><div id=\"wpforms-1378-field_7-container\" class=\"wpforms-field wpforms-field-number wpforms-one-half\" data-field-id=\"7\"><label class=\"wpforms-field-label\" for=\"wpforms-1378-field_7\">Anzahl der Kinder <span class=\"wpforms-required-label\">*<\/span><\/label><input type=\"number\" id=\"wpforms-1378-field_7\" class=\"wpforms-field-large wpforms-field-required\" name=\"wpforms[fields][7]\" required><\/div><div id=\"wpforms-1378-field_9-container\" class=\"wpforms-field wpforms-field-textarea\" data-field-id=\"9\"><label class=\"wpforms-field-label\" for=\"wpforms-1378-field_9\">Anmerkungen<\/label><textarea id=\"wpforms-1378-field_9\" class=\"wpforms-field-medium\" name=\"wpforms[fields][9]\" ><\/textarea><\/div><div id=\"wpforms-1378-field_8-container\" class=\"wpforms-field wpforms-field-checkbox wpforms-list-2-columns\" data-field-id=\"8\"><label class=\"wpforms-field-label\" for=\"wpforms-1378-field_8\">Einwilligung f\u00fcr die Verarbeitung personenbezogener Daten <span class=\"wpforms-required-label\">*<\/span><\/label><ul id=\"wpforms-1378-field_8\" class=\"wpforms-field-required\"><li class=\"choice-1 depth-1\"><input type=\"checkbox\" id=\"wpforms-1378-field_8_1\" name=\"wpforms[fields][8][]\" value=\"Ich bin damit einverstanden, dass meine im Formular angegebenen personenbezogenen Daten zwecks Bearbeitung der Anfrage verarbeitet werden. Die Angabe der Daten ist freiwillig, jedoch zur Bearbeitung meiner Anfrage erforderlich. Ich habe Recht auf Zugang zu meinen personenbezogenen Daten, sowie Verarbeitung oder L\u00f6schung der Daten. Verantwortlicher f\u00fcr die Verarbeitung personenbezogenen Daten ist: Hotel \u2013 Restauracja \u201ePod Jeleniem\u201d ul. Nadbrze\u017cna 5, 59-850 \u015awierad\u00f3w-Zdr\u00f3j\" required ><label class=\"wpforms-field-label-inline\" for=\"wpforms-1378-field_8_1\">Ich bin damit einverstanden, dass meine im Formular angegebenen personenbezogenen Daten zwecks Bearbeitung der Anfrage verarbeitet werden. Die Angabe der Daten ist freiwillig, jedoch zur Bearbeitung meiner Anfrage erforderlich. Ich habe Recht auf Zugang zu meinen personenbezogenen Daten, sowie Verarbeitung oder L\u00f6schung der Daten. Verantwortlicher f\u00fcr die Verarbeitung personenbezogenen Daten ist: Hotel \u2013 Restauracja \u201ePod Jeleniem\u201d ul. Nadbrze\u017cna 5, 59-850 \u015awierad\u00f3w-Zdr\u00f3j<\/label><\/li><\/ul><\/div><\/div><div class=\"wpforms-field wpforms-field-hp\"><label for=\"wpforms-field_hp\" class=\"wpforms-field-label\">Comment<\/label><input type=\"text\" name=\"wpforms[hp]\" id=\"wpforms-field_hp\" class=\"wpforms-field-medium\"><\/div><div class=\"wpforms-submit-container\" ><input type=\"hidden\" name=\"wpforms[id]\" value=\"1378\"><input type=\"hidden\" name=\"wpforms[author]\" value=\"1\"><button type=\"submit\" name=\"wpforms[submit]\" class=\"wpforms-submit \" id=\"wpforms-submit-1378\" value=\"wpforms-submit\" data-alt-text=\"Senden...\">Senden Sie eine Anfrage per E-Mail und wir werden Sie kontaktieren.<\/button><\/div><\/form><\/div>\t\t\t\t<\/div>\n\t\t\t\t<\/div>\n\t\t\t\t\t<\/div>\n\t\t<\/div>\n\t\t\t\t\t<\/div>\n\t\t<\/section>\n\t\t\t\t<\/div>\n\t\t","protected":false},"excerpt":{"rendered":"<p>Wir laden Sie ein,das Zimmerverf\u00fcgbarkeisformularzu verwenden. Bitte f\u00fcllen Sie alle erforderlichen Felder des Formulars aus. Unsere Rezeptionisten werden sich so schnell wie m\u00f6glich mit Ihnen in Verbindung setzen und Ihnen ein detailliertes Angebot Ihres Aufenthalts unterbreiten.<\/p>\n","protected":false},"author":1,"featured_media":0,"parent":0,"menu_order":0,"comment_status":"closed","ping_status":"closed","template":"","meta":{"ocean_post_layout":"","ocean_both_sidebars_style":"","ocean_both_sidebars_content_width":0,"ocean_both_sidebars_sidebars_width":0,"ocean_sidebar":"0","ocean_second_sidebar":"0","ocean_disable_margins":"enable","ocean_add_body_class":"","ocean_shortcode_before_top_bar":"","ocean_shortcode_after_top_bar":"","ocean_shortcode_before_header":"","ocean_shortcode_after_header":"","ocean_has_shortcode":"","ocean_shortcode_after_title":"","ocean_shortcode_before_footer_widgets":"","ocean_shortcode_after_footer_widgets":"","ocean_shortcode_before_footer_bottom":"","ocean_shortcode_after_footer_bottom":"","ocean_display_top_bar":"default","ocean_display_header":"default","ocean_header_style":"","ocean_center_header_left_menu":"0","ocean_custom_header_template":"0","ocean_custom_logo":0,"ocean_custom_retina_logo":0,"ocean_custom_logo_max_width":0,"ocean_custom_logo_tablet_max_width":0,"ocean_custom_logo_mobile_max_width":0,"ocean_custom_logo_max_height":0,"ocean_custom_logo_tablet_max_height":0,"ocean_custom_logo_mobile_max_height":0,"ocean_header_custom_menu":"0","ocean_menu_typo_font_family":"0","ocean_menu_typo_font_subset":"","ocean_menu_typo_font_size":0,"ocean_menu_typo_font_size_tablet":0,"ocean_menu_typo_font_size_mobile":0,"ocean_menu_typo_font_size_unit":"px","ocean_menu_typo_font_weight":"","ocean_menu_typo_font_weight_tablet":"","ocean_menu_typo_font_weight_mobile":"","ocean_menu_typo_transform":"","ocean_menu_typo_transform_tablet":"","ocean_menu_typo_transform_mobile":"","ocean_menu_typo_line_height":0,"ocean_menu_typo_line_height_tablet":0,"ocean_menu_typo_line_height_mobile":0,"ocean_menu_typo_line_height_unit":"","ocean_menu_typo_spacing":0,"ocean_menu_typo_spacing_tablet":0,"ocean_menu_typo_spacing_mobile":0,"ocean_menu_typo_spacing_unit":"","ocean_menu_link_color":"","ocean_menu_link_color_hover":"","ocean_menu_link_color_active":"","ocean_menu_link_background":"","ocean_menu_link_hover_background":"","ocean_menu_link_active_background":"","ocean_menu_social_links_bg":"","ocean_menu_social_hover_links_bg":"","ocean_menu_social_links_color":"","ocean_menu_social_hover_links_color":"","ocean_disable_title":"on","ocean_disable_heading":"default","ocean_post_title":"","ocean_post_subheading":"","ocean_post_title_style":"","ocean_post_title_background_color":"","ocean_post_title_background":0,"ocean_post_title_bg_image_position":"","ocean_post_title_bg_image_attachment":"","ocean_post_title_bg_image_repeat":"","ocean_post_title_bg_image_size":"","ocean_post_title_height":0,"ocean_post_title_bg_overlay":0.5,"ocean_post_title_bg_overlay_color":"","ocean_disable_breadcrumbs":"default","ocean_breadcrumbs_color":"","ocean_breadcrumbs_separator_color":"","ocean_breadcrumbs_links_color":"","ocean_breadcrumbs_links_hover_color":"","ocean_display_footer_widgets":"default","ocean_display_footer_bottom":"default","ocean_custom_footer_template":"0","footnotes":""},"class_list":["post-1376","page","type-page","status-publish","hentry","entry"],"_links":{"self":[{"href":"https:\/\/podjeleniem.pl\/de\/wp-json\/wp\/v2\/pages\/1376","targetHints":{"allow":["GET"]}}],"collection":[{"href":"https:\/\/podjeleniem.pl\/de\/wp-json\/wp\/v2\/pages"}],"about":[{"href":"https:\/\/podjeleniem.pl\/de\/wp-json\/wp\/v2\/types\/page"}],"author":[{"embeddable":true,"href":"https:\/\/podjeleniem.pl\/de\/wp-json\/wp\/v2\/users\/1"}],"replies":[{"embeddable":true,"href":"https:\/\/podjeleniem.pl\/de\/wp-json\/wp\/v2\/comments?post=1376"}],"version-history":[{"count":5,"href":"https:\/\/podjeleniem.pl\/de\/wp-json\/wp\/v2\/pages\/1376\/revisions"}],"predecessor-version":[{"id":1503,"href":"https:\/\/podjeleniem.pl\/de\/wp-json\/wp\/v2\/pages\/1376\/revisions\/1503"}],"wp:attachment":[{"href":"https:\/\/podjeleniem.pl\/de\/wp-json\/wp\/v2\/media?parent=1376"}],"curies":[{"name":"wp","href":"https:\/\/api.w.org\/{rel}","templated":true}]}}