{"id":1358,"date":"2018-10-14T08:17:51","date_gmt":"2018-10-14T06:17:51","guid":{"rendered":"http:\/\/podjeleniem.pl\/zabiegi-spa\/"},"modified":"2018-11-20T16:03:40","modified_gmt":"2018-11-20T15:03:40","slug":"spa-und-kosmetik","status":"publish","type":"page","link":"https:\/\/podjeleniem.pl\/de\/spa-und-kosmetik\/","title":{"rendered":"Spa und Kosmetik"},"content":{"rendered":"\t\t<div data-elementor-type=\"wp-post\" data-elementor-id=\"1358\" class=\"elementor elementor-1358 elementor-bc-flex-widget\">\n\t\t\t\t\t\t<section class=\"elementor-section elementor-top-section elementor-element elementor-element-a0b8d4e elementor-section-boxed elementor-section-height-default elementor-section-height-default\" data-id=\"a0b8d4e\" data-element_type=\"section\" data-e-type=\"section\">\n\t\t\t\t\t\t<div class=\"elementor-container elementor-column-gap-default\">\n\t\t\t\t\t<div class=\"elementor-column elementor-col-50 elementor-top-column elementor-element elementor-element-5aa3a3e\" data-id=\"5aa3a3e\" data-element_type=\"column\" data-e-type=\"column\">\n\t\t\t<div class=\"elementor-widget-wrap elementor-element-populated\">\n\t\t\t\t\t\t<div class=\"elementor-element elementor-element-7b31ae8 elementor-widget elementor-widget-heading\" data-id=\"7b31ae8\" data-element_type=\"widget\" data-e-type=\"widget\" data-widget_type=\"heading.default\">\n\t\t\t\t<div class=\"elementor-widget-container\">\n\t\t\t\t\t<h4 class=\"elementor-heading-title elementor-size-medium\">Gesichtspflege<\/h4>\t\t\t\t<\/div>\n\t\t\t\t<\/div>\n\t\t\t\t<div class=\"elementor-element elementor-element-f901a2f elementor-widget elementor-widget-text-editor\" data-id=\"f901a2f\" data-element_type=\"widget\" data-e-type=\"widget\" data-widget_type=\"text-editor.default\">\n\t\t\t\t<div class=\"elementor-widget-container\">\n\t\t\t\t\t\t\t\t\t<p><strong>Micro-Dermabrasion<\/strong><\/p><ul><li>ist eine Methode zur Entfernung von Hautunebenheiten wie Akne-Narben, OP- Narben, Pigmentflecken, Falten, Unreinheiten und gro\u00dfporiger Haut. Daneben bewirkt Micro-Dermabrasion eine allgemeine Hautverj\u00fcngung. Das Verfahren ist eine Weiterentwicklung des kosmetischen Peelings.<\/li><li>Dauer: ca. 70 Minuten<\/li><\/ul><p><strong>Zabieg wybielaj\u0105cy<\/strong><\/p><ul><li>reguluje wytwarzanie melaniny, wybiela przebarwienia i zapobiega powstawaniu nowych. Widocznie rozja\u015bnia i roz\u015bwietla sk\u00f3r\u0119 nadaj\u0105c jej satynow\u0105 g\u0142adko\u015b\u0107.<\/li><li>Czas trwania zabiegu: 60 minut<\/li><\/ul><p><strong>Reinigung<\/strong><\/p><ul><li>Die professionelle Hautreinigung sollte in regelm\u00e4\u00dfigen Abst\u00e4nden durchgef\u00fchrt werden, denn sch\u00f6ne und gepflegte Haut ist nicht nur optisch ansprechend, sondern hat auch einen positiven Einfluss auf die Gesundheit und das Wohlbefinden eines jeden Menschen. Durch eine Hautreinigungsbehandlung, wird die Haut von Unreinheiten befreit, welche sonst, bei Nichtbehandlung, auf Dauer zu Entz\u00fcndungen f\u00fchren k\u00f6nnen.<\/li><li>Dauer: ca. 90 Minuten<\/li><\/ul><p><strong>Schokoladenbehandlung f\u00fcr Gesicht &#8211; Entspannung und Revitalisierung<\/strong><\/p><ul><li>Dauer: ca. 90 Minuten<\/li><\/ul><p><strong>Vitamin Coctail &#8211; Feuchtigkeits- und N\u00e4hrbehandlung<\/strong><\/p><ul><li>Dauer: ca. 80 Minuten<\/li><\/ul><p><strong>Fruchtbehandlung &#8211; Regenerierung- und N\u00e4hrbehandlung<\/strong><\/p><ul><li>Dauer: ca. 90 Minuten<\/li><\/ul><p><strong>&#8222;Wasserfall&#8220; &#8211; intensive Feuchtigkeitsbehandlung<\/strong><\/p><ul><li>Dauer: ca. 80 Minuten<\/li><\/ul><p><strong>&#8222;Sensitiv&#8220; &#8211; beruhigende und entspannende Behandlung<\/strong><\/p><ul><li>Dauer: ca. 80 Minuten<\/li><\/ul><p><strong>&#8222;Perle&#8220; &#8211; Verj\u00fcngungskur f\u00fcr die Haut<\/strong><\/p><ul><li>Dauer: ca. 80 Minuten<\/li><\/ul><p><strong>&#8222;Diamant&#8220; &#8211; Anti-Aging-Behandlung<\/strong><\/p><ul><li>Dauer: ca. 80 Minuten<\/li><\/ul><p><strong>&#8222;Moosbeere&#8220; &#8211; Straffende Behandlung<\/strong><\/p><ul><li>Dauer: ca. 90 Minuten<\/li><\/ul><p><strong>&#8222;Rotwein&#8220; &#8211; Straffung und Regeneration<\/strong><\/p><ul><li>Dauer: ca. 80 Minuten<\/li><\/ul><p><strong>&#8222;Kaiserin-Behandlung&#8220; mit Kaviar &#8211; straffende Anti-Aging-Behandlung<\/strong><\/p><ul><li>Dauer: ca. 90 Minuten<\/li><\/ul><p><strong>Spezeille Gesichts-Behandlung f\u00fcr M\u00e4nner<\/strong><\/p><ul><li>Dauer: ca. 80 Minuten<\/li><\/ul><p><strong>Regenerationsbehandlung f\u00fct Augengegend<\/strong><\/p><ul><li>Dauer: ca. 40 Minuten<\/li><\/ul><p><strong>Gesichts- Hals- und Dekolteemassage<\/strong><\/p><ul><li>Dauer: ca. 30 Minuten<\/li><\/ul><p><strong>Augenbrauenkorrektur<\/strong><\/p><p><strong>Augenbrauen- und Wimpernf\u00e4rbung<\/strong><\/p>\t\t\t\t\t\t\t\t<\/div>\n\t\t\t\t<\/div>\n\t\t\t\t\t<\/div>\n\t\t<\/div>\n\t\t\t\t<div class=\"elementor-column elementor-col-50 elementor-top-column elementor-element elementor-element-863f156\" data-id=\"863f156\" data-element_type=\"column\" data-e-type=\"column\">\n\t\t\t<div class=\"elementor-widget-wrap elementor-element-populated\">\n\t\t\t\t\t\t<div class=\"elementor-element elementor-element-27a8be2 elementor-widget elementor-widget-heading\" data-id=\"27a8be2\" data-element_type=\"widget\" data-e-type=\"widget\" data-widget_type=\"heading.default\">\n\t\t\t\t<div class=\"elementor-widget-container\">\n\t\t\t\t\t<h4 class=\"elementor-heading-title elementor-size-medium\">K\u00f6rperpflege<\/h4>\t\t\t\t<\/div>\n\t\t\t\t<\/div>\n\t\t\t\t<div class=\"elementor-element elementor-element-1a7d03c elementor-widget elementor-widget-text-editor\" data-id=\"1a7d03c\" data-element_type=\"widget\" data-e-type=\"widget\" data-widget_type=\"text-editor.default\">\n\t\t\t\t<div class=\"elementor-widget-container\">\n\t\t\t\t\t\t\t\t\t<p><strong>Ganzk\u00f6rperpeeling<\/strong><\/p><ul><li>4 Arten: Cappucino, Rotwein, Fruchten oder s\u00fc\u00df-saltig<\/li><li>Dauer: ca. 30 Minuten<\/li><\/ul><p><strong>Behandlung f\u00fcr Brust und Dekoltee<\/strong><\/p><ul><li>Dauer: ca. 70 Minuten<\/li><\/ul><p><strong>Schokoladenbehandlung &#8211; Entspannung und Straffung<\/strong><\/p><ul><li>Dauer: ca. 100 Minuten<\/li><\/ul><p><strong>Fruchtenbehandlung &#8211; aromatherapeutische N\u00e4hrbehandlung<\/strong><\/p><ul><li>Dauer: ca. 90 Minuten<\/li><\/ul><p><strong>Rotwein &#8211; Straffung und Regeneration<\/strong><\/p><ul><li>Dauer: ca. 90 Minuten<\/li><\/ul>\t\t\t\t\t\t\t\t<\/div>\n\t\t\t\t<\/div>\n\t\t\t\t<div class=\"elementor-element elementor-element-0641835 elementor-widget elementor-widget-heading\" data-id=\"0641835\" data-element_type=\"widget\" data-e-type=\"widget\" data-widget_type=\"heading.default\">\n\t\t\t\t<div class=\"elementor-widget-container\">\n\t\t\t\t\t<h4 class=\"elementor-heading-title elementor-size-medium\">Exotische K\u00f6rperbehandlung<\/h4>\t\t\t\t<\/div>\n\t\t\t\t<\/div>\n\t\t\t\t<div class=\"elementor-element elementor-element-95c8717 elementor-widget elementor-widget-text-editor\" data-id=\"95c8717\" data-element_type=\"widget\" data-e-type=\"widget\" data-widget_type=\"text-editor.default\">\n\t\t\t\t<div class=\"elementor-widget-container\">\n\t\t\t\t\t\t\t\t\t<p><strong>Massage mit heissen Steinen<\/strong><\/p><ul><li>Dauer: ca. 70 Minuten<\/li><\/ul><p><strong>Massage mit Bambusst\u00f6cken<\/strong><\/p><ul><li>Dauer: ca. 60 Minuten<\/li><\/ul><p><strong>Massage mit Stempeln<\/strong><\/p><ul><li>Dauer: ca. 60 Minuten<\/li><\/ul><p><strong>Massage mit heisem Schokoladen\u00f6l<\/strong><\/p><ul><li>Dauer: ca. 60 Minuten<\/li><\/ul>\t\t\t\t\t\t\t\t<\/div>\n\t\t\t\t<\/div>\n\t\t\t\t<div class=\"elementor-element elementor-element-3f92507 elementor-widget elementor-widget-heading\" data-id=\"3f92507\" data-element_type=\"widget\" data-e-type=\"widget\" data-widget_type=\"heading.default\">\n\t\t\t\t<div class=\"elementor-widget-container\">\n\t\t\t\t\t<h4 class=\"elementor-heading-title elementor-size-medium\">F\u00fcr H\u00e4nde und F\u00fc\u00dfe<\/h4>\t\t\t\t<\/div>\n\t\t\t\t<\/div>\n\t\t\t\t<div class=\"elementor-element elementor-element-0c45ea1 elementor-widget elementor-widget-text-editor\" data-id=\"0c45ea1\" data-element_type=\"widget\" data-e-type=\"widget\" data-widget_type=\"text-editor.default\">\n\t\t\t\t<div class=\"elementor-widget-container\">\n\t\t\t\t\t\t\t\t\t<ul>\n \t<li>Manikure &#8211; Dauer: ca. 40 Minuten<\/li>\n \t<li>Mikrodermabrasion f\u00fcr H\u00e4nde -Dauer: ca. 65 Minuten<\/li>\n \t<li>Handmassage &#8211; Dauer: ca. 20 Minuten<\/li>\n \t<li>Spa f\u00fcr H\u00e4nde (Manikure, Massage und Algenmaske oder Parafinpackung &#8211; Dauer: ca. 70 Minuten<\/li>\n \t<li>Parafin f\u00fcr H\u00e4nde oder F\u00fc\u00dfe &#8211; Dauer: ca. 40 Minuten<\/li>\n \t<li>Pedicure &#8211; Dauer: ca. 40 Minuten<\/li>\n \t<li>Fu\u00dfmassage &#8211; Dauer: ca. 40 Minuten<\/li>\n \t<li>Spa f\u00fcr F\u00fc\u00dfe &#8211; Dauer: ca. 80 Minuten<\/li>\n \t<li>SPA pedicure \u2013 80 minut<\/li>\n \t<li>Depialtion\n<ul>\n \t<li>Beine und Bikini<\/li>\n \t<li>Beine<\/li>\n \t<li>Schenkel \/ Waden \/ R\u00fccken<\/li>\n \t<li>Achselh\u00f6hlen<\/li>\n<\/ul>\n<\/li>\n<\/ul>\t\t\t\t\t\t\t\t<\/div>\n\t\t\t\t<\/div>\n\t\t\t\t\t<\/div>\n\t\t<\/div>\n\t\t\t\t\t<\/div>\n\t\t<\/section>\n\t\t\t\t<\/div>\n\t\t","protected":false},"excerpt":{"rendered":"<p>Gesichtspflege Micro-Dermabrasion ist eine Methode zur Entfernung von Hautunebenheiten wie Akne-Narben, OP- Narben, Pigmentflecken, Falten, Unreinheiten und gro\u00dfporiger Haut. Daneben bewirkt Micro-Dermabrasion eine allgemeine Hautverj\u00fcngung. Das Verfahren ist eine Weiterentwicklung des kosmetischen Peelings. Dauer: ca. 70 Minuten Zabieg wybielaj\u0105cy reguluje wytwarzanie melaniny, wybiela przebarwienia i zapobiega powstawaniu nowych. Widocznie rozja\u015bnia i roz\u015bwietla sk\u00f3r\u0119 nadaj\u0105c jej [&hellip;]<\/p>\n","protected":false},"author":1,"featured_media":0,"parent":0,"menu_order":0,"comment_status":"closed","ping_status":"closed","template":"","meta":{"ocean_post_layout":"","ocean_both_sidebars_style":"","ocean_both_sidebars_content_width":0,"ocean_both_sidebars_sidebars_width":0,"ocean_sidebar":"0","ocean_second_sidebar":"0","ocean_disable_margins":"enable","ocean_add_body_class":"","ocean_shortcode_before_top_bar":"","ocean_shortcode_after_top_bar":"","ocean_shortcode_before_header":"","ocean_shortcode_after_header":"","ocean_has_shortcode":"","ocean_shortcode_after_title":"","ocean_shortcode_before_footer_widgets":"","ocean_shortcode_after_footer_widgets":"","ocean_shortcode_before_footer_bottom":"","ocean_shortcode_after_footer_bottom":"","ocean_display_top_bar":"default","ocean_display_header":"default","ocean_header_style":"","ocean_center_header_left_menu":"0","ocean_custom_header_template":"0","ocean_custom_logo":0,"ocean_custom_retina_logo":0,"ocean_custom_logo_max_width":0,"ocean_custom_logo_tablet_max_width":0,"ocean_custom_logo_mobile_max_width":0,"ocean_custom_logo_max_height":0,"ocean_custom_logo_tablet_max_height":0,"ocean_custom_logo_mobile_max_height":0,"ocean_header_custom_menu":"0","ocean_menu_typo_font_family":"0","ocean_menu_typo_font_subset":"","ocean_menu_typo_font_size":0,"ocean_menu_typo_font_size_tablet":0,"ocean_menu_typo_font_size_mobile":0,"ocean_menu_typo_font_size_unit":"px","ocean_menu_typo_font_weight":"","ocean_menu_typo_font_weight_tablet":"","ocean_menu_typo_font_weight_mobile":"","ocean_menu_typo_transform":"","ocean_menu_typo_transform_tablet":"","ocean_menu_typo_transform_mobile":"","ocean_menu_typo_line_height":0,"ocean_menu_typo_line_height_tablet":0,"ocean_menu_typo_line_height_mobile":0,"ocean_menu_typo_line_height_unit":"","ocean_menu_typo_spacing":0,"ocean_menu_typo_spacing_tablet":0,"ocean_menu_typo_spacing_mobile":0,"ocean_menu_typo_spacing_unit":"","ocean_menu_link_color":"","ocean_menu_link_color_hover":"","ocean_menu_link_color_active":"","ocean_menu_link_background":"","ocean_menu_link_hover_background":"","ocean_menu_link_active_background":"","ocean_menu_social_links_bg":"","ocean_menu_social_hover_links_bg":"","ocean_menu_social_links_color":"","ocean_menu_social_hover_links_color":"","ocean_disable_title":"default","ocean_disable_heading":"default","ocean_post_title":"","ocean_post_subheading":"","ocean_post_title_style":"background-image","ocean_post_title_background_color":"","ocean_post_title_background":897,"ocean_post_title_bg_image_position":"center center","ocean_post_title_bg_image_attachment":"","ocean_post_title_bg_image_repeat":"no-repeat","ocean_post_title_bg_image_size":"","ocean_post_title_height":0,"ocean_post_title_bg_overlay":0.1000000000000000055511151231257827021181583404541015625,"ocean_post_title_bg_overlay_color":"","ocean_disable_breadcrumbs":"default","ocean_breadcrumbs_color":"","ocean_breadcrumbs_separator_color":"","ocean_breadcrumbs_links_color":"","ocean_breadcrumbs_links_hover_color":"","ocean_display_footer_widgets":"default","ocean_display_footer_bottom":"default","ocean_custom_footer_template":"0","footnotes":""},"class_list":["post-1358","page","type-page","status-publish","hentry","entry"],"_links":{"self":[{"href":"https:\/\/podjeleniem.pl\/de\/wp-json\/wp\/v2\/pages\/1358","targetHints":{"allow":["GET"]}}],"collection":[{"href":"https:\/\/podjeleniem.pl\/de\/wp-json\/wp\/v2\/pages"}],"about":[{"href":"https:\/\/podjeleniem.pl\/de\/wp-json\/wp\/v2\/types\/page"}],"author":[{"embeddable":true,"href":"https:\/\/podjeleniem.pl\/de\/wp-json\/wp\/v2\/users\/1"}],"replies":[{"embeddable":true,"href":"https:\/\/podjeleniem.pl\/de\/wp-json\/wp\/v2\/comments?post=1358"}],"version-history":[{"count":2,"href":"https:\/\/podjeleniem.pl\/de\/wp-json\/wp\/v2\/pages\/1358\/revisions"}],"predecessor-version":[{"id":1361,"href":"https:\/\/podjeleniem.pl\/de\/wp-json\/wp\/v2\/pages\/1358\/revisions\/1361"}],"wp:attachment":[{"href":"https:\/\/podjeleniem.pl\/de\/wp-json\/wp\/v2\/media?parent=1358"}],"curies":[{"name":"wp","href":"https:\/\/api.w.org\/{rel}","templated":true}]}}