{"id":1305,"date":"2018-10-13T10:49:13","date_gmt":"2018-10-13T08:49:13","guid":{"rendered":"http:\/\/podjeleniem.pl\/pobyt-kuracyjny\/"},"modified":"2025-11-21T11:00:04","modified_gmt":"2025-11-21T10:00:04","slug":"kuraufenthalt","status":"publish","type":"page","link":"https:\/\/podjeleniem.pl\/de\/kuraufenthalt\/","title":{"rendered":"Kuraufenthalt"},"content":{"rendered":"\t\t<div data-elementor-type=\"wp-post\" data-elementor-id=\"1305\" class=\"elementor elementor-1305\">\n\t\t\t\t\t\t<section class=\"elementor-section elementor-top-section elementor-element elementor-element-efa08f2 elementor-section-boxed elementor-section-height-default elementor-section-height-default\" data-id=\"efa08f2\" data-element_type=\"section\" data-e-type=\"section\">\n\t\t\t\t\t\t<div class=\"elementor-container elementor-column-gap-default\">\n\t\t\t\t\t<div class=\"elementor-column elementor-col-100 elementor-top-column elementor-element elementor-element-5040d84\" data-id=\"5040d84\" data-element_type=\"column\" data-e-type=\"column\">\n\t\t\t<div class=\"elementor-widget-wrap elementor-element-populated\">\n\t\t\t\t\t\t<div class=\"elementor-element elementor-element-d2a22f2 elementor-widget elementor-widget-text-editor\" data-id=\"d2a22f2\" data-element_type=\"widget\" data-e-type=\"widget\" data-widget_type=\"text-editor.default\">\n\t\t\t\t<div class=\"elementor-widget-container\">\n\t\t\t\t\t\t\t\t\t<h1><style>\ntable tr:nth-child(2) td {<br \/>    border-right: 1px solid #000;<br \/>}<span data-mce-type=\"bookmark\" style=\"display: inline-block; width: 0px; overflow: hidden; line-height: 0;\" class=\"mce_SELRES_start\">\ufeff<\/span><br \/><\/style><\/h1><div style=\"overflow-x: auto;\"><table border=\"1\" cellspacing=\"0\" cellpadding=\"6\"><thead><tr><th><b>TERMINE<\/b><\/th><th><b>2 Wochen<\/b><\/th><th><b>TERMINE<\/b><\/th><th><b>2 Wochen<\/b><\/th><\/tr><\/thead><tbody><tr><td>17.01-31.01.2026<\/td><td>599\u20ac<\/td><td>01.08-15.08.2026<\/td><td>715\u20ac<\/td><\/tr><tr><td>31.01-14.02.2026<\/td><td>599\u20ac<\/td><td>15.08-29.08.2026<\/td><td>715\u20ac<\/td><\/tr><tr><td>14.02-28.02.2026<\/td><td>599\u20ac<\/td><td>29.08-12.09.2026<\/td><td>715\u20ac<\/td><\/tr><tr><td>28.02-14.03.2026<\/td><td>599\u20ac<\/td><td>12.09-26.09.2026<\/td><td>715\u20ac<\/td><\/tr><tr><td>14.03-28.03.2026<\/td><td>599\u20ac<\/td><td>26.09-10.10.2026<\/td><td>715\u20ac<\/td><\/tr><tr><td>28.03-11.04.2026<\/td><td>659\u20ac<\/td><td>10.10-24.10.2026<\/td><td>715\u20ac<\/td><\/tr><tr><td>11.04-25.04.2026<\/td><td>659\u20ac<\/td><td>24.10-07.11.2026<\/td><td>715\u20ac<\/td><\/tr><tr><td>25.04-09.05.2026<\/td><td>659\u20ac<\/td><td>07.11-21.11.2026<\/td><td>715\u20ac<\/td><\/tr><tr><td>09.05-23.05.2026<\/td><td>659\u20ac<\/td><td>07.11-28.11.2026<\/td><td>899\u20ac\u00a0\u00a0<strong>3 WOCHEN<\/strong><\/td><\/tr><tr><td>23.05-06.06.2026<\/td><td>659\u20ac<\/td><td colspan=\"2\">21.11-05.12.2026\u00a0 \u00a0 \u00a0 \u00a0 \u00a0 \u00a0 \u00a0 \u00a0 \u00a0 \u00a0 \u00a0 \u00a0 \u00a0 \u00a0 \u00a0715\u20ac<\/td><\/tr><tr><td>06.06-20.06.2026<\/td><td>659\u20ac<\/td><td>28.11-19.12.2026<\/td><td>899\u20ac\u00a0 <strong>3 WOCHEN<\/strong><\/td><\/tr><tr><td>20.06-04.07.2026<\/td><td>659\u20ac<\/td><td>05.12-19.12.2026<\/td><td>669\u20ac<\/td><\/tr><tr><td>04.07-18.07.2026<\/td><td>715\u20ac<\/td><td colspan=\"2\">19.12.25-02.01.2026\u00a0 \u00a0 \u00a0 \u00a0AUF ANFRAGE<\/td><\/tr><tr><td>18.07-01.08.2026<\/td><td>715\u20ac<\/td><td><p><b>1 WOCHE<\/b><br \/>AU\u00dfER TERMIN\u00a0<\/p><\/td><td><p><b>405\u20ac<\/b><br \/>19.12.26-02.01.27<\/p><\/td><\/tr><tr><td>\u00a0<\/td><td>\u00a0<\/td><td>\u00a0<\/td><td>\u00a0<\/td><\/tr><tr><td>\u00a0<\/td><\/tr><\/tbody><\/table><p><em style=\"font-size: 21px;\">*Jeder Preis pro Person im Standardzimmer. Preise k\u00f6nnen ge\u00e4ndert werden<\/em><\/p><\/div><p>** <em>es gibt eine begrenzte Anzahl der Pl\u00e4tze<\/em><\/p>\t\t\t\t\t\t\t\t<\/div>\n\t\t\t\t<\/div>\n\t\t\t\t<div class=\"elementor-element elementor-element-8e6d101 elementor-widget elementor-widget-text-editor\" data-id=\"8e6d101\" data-element_type=\"widget\" data-e-type=\"widget\" data-widget_type=\"text-editor.default\">\n\t\t\t\t<div class=\"elementor-widget-container\">\n\t\t\t\t\t\t\t\t\t<p><strong>!!!! NEU !!!! ANGEBOT 28-TAGE-AUFENTHALT \u2013 INFORMATION BEI REZEPTION<\/strong><\/p><p><strong>IM PREIS IM HOTEL<\/strong>: \u00dcbernachtung, Halbpension (Fr\u00fchst\u00fcckb\u00fcfett und Abendb\u00fcfett), Kurpaket, Untersuchung, Benutzung von Sauna, Schwimmbad, Hellenbad, Lift, Kaminsaal, kostenloser Pendelbus zum Zentrum am Werktage, kostenloses Internet-Cafe, WLAN kostenloser, unbewachter, geschlossener Parkplatz**<\/p><p>STANDARDZIMMER: EZ und DZ mit Bad, TV-SAT, Telefon, Tresor, F\u00f6n EINZELZIMMER: OHNE ZUSCHLAG!<\/p><p>VOLLPENSION (3-Gang-Men\u00fc und Dessert): m\u00f6glich gegen Zuschlag: 77\u20ac \/ Pers \/ Woche<\/p><p><strong>ANWENDUNGEN: im Haus<\/strong><\/p><ul><li><strong>1 Woche<\/strong> \u2013 13 Anwendungen + 2 Salzgrotten<\/li><li><strong>2 Wochen<\/strong> \u2013 26 Anwendungen + 4 Salzgrotten<\/li><li><strong>3 Wochen<\/strong> \u2013 39 Anwendungen + 6 Salzgrotten<\/li><\/ul><p><strong>KURARZT<\/strong>: 1\u00d7 pro Woche und medizinische Betreuung an bestimmten Tagen<\/p><p><strong>KURTAXE<\/strong>: vor Ort im Hotel zu zahlen<\/p><p><strong>IM HOTEL<\/strong>: Cafe und Restaurant, Kosmetiksalon, Badementalesaune \u2013 m\u00f6glich gegen Geb\u00fchr<\/p><p><strong>ZIMMERZUSCHL\u00c4GE<\/strong>:<br \/><strong>SUPERIORZIMMER<\/strong>: 70 \u20ac \/ Woche, <strong>PREMIUMZIMMER<\/strong>: 50 \u20ac \/ Woche<br \/><strong>STANDARD-PLUS-ZIMMER<\/strong>: 25 \u20ac \/ Woche, <strong>STANDARD-PLUS MIT BALKON<\/strong>: 35 \u20ac \/ Woche<\/p><p><strong>TISCHPLATZRESERVIERUNG<\/strong>: 25 \u20ac PRO PERS \/ PRO AUFENTHALT<\/p><p><strong>TRANSFER VOM BAHNHOF BAD FLINSBERG \u2013 HOTEL \u2013 BAHNHOF BAD FLINSBERG \u2013 !!!!! KOSTENLOS !!!!!<\/strong><\/p><p><strong>TRANSFER<\/strong>: G\u00f6rlitz HBF &gt; Bad Flinsberg &gt; G\u00f6rlitz HBF 25 \u20ac \/ Pers.;<br \/>HAUSTIERSERVICE: m\u00f6glich per Anfrage gegen Geb\u00fchr, zu vereinbaren<\/p><p><strong>F\u00dcR STAMMKUNDEN EIN RABATTPROGRAMM:<\/strong><\/p><p><strong>NACHLASS<\/strong> 3 % ab 3 Mal<br \/><strong>NACHLASS<\/strong> 5 % ab 5 Mal<br \/><strong>NACHLASS<\/strong> 10 % ab 10 Mal<\/p><p><small>RABATTSYSTEM VERBINDLICH NUR BEI 14-TAGEN KUR (VON 11. APRIL BIS 04. DEZEMBER). Der Rabattprogramm gilt nicht f\u00fcr die Termine zwischen 05. Oktober bis 10. April, wo schon Sonderpreise vorhanden sind \/ ANGEBOT GILT AB 2009; DER RABATT BEZIEHT SICH NICHT AUF LAST MINUTE ANGEBOTE, 7- UND 21-T\u00c4GIGE AUFENTHALTE.<\/small><\/p>\t\t\t\t\t\t\t\t<\/div>\n\t\t\t\t<\/div>\n\t\t\t\t\t<\/div>\n\t\t<\/div>\n\t\t\t\t\t<\/div>\n\t\t<\/section>\n\t\t\t\t<\/div>\n\t\t","protected":false},"excerpt":{"rendered":"<p>TERMINE 2 Wochen TERMINE 2 Wochen 17.01-31.01.2026 599\u20ac 01.08-15.08.2026 715\u20ac 31.01-14.02.2026 599\u20ac 15.08-29.08.2026 715\u20ac 14.02-28.02.2026 599\u20ac 29.08-12.09.2026 715\u20ac 28.02-14.03.2026 599\u20ac 12.09-26.09.2026 715\u20ac 14.03-28.03.2026 599\u20ac 26.09-10.10.2026 715\u20ac 28.03-11.04.2026 659\u20ac 10.10-24.10.2026 715\u20ac 11.04-25.04.2026 659\u20ac 24.10-07.11.2026 715\u20ac 25.04-09.05.2026 659\u20ac 07.11-21.11.2026 715\u20ac 09.05-23.05.2026 659\u20ac 07.11-28.11.2026 899\u20ac\u00a0\u00a03 WOCHEN 23.05-06.06.2026 659\u20ac 21.11-05.12.2026\u00a0 \u00a0 \u00a0 \u00a0 \u00a0 \u00a0 \u00a0 \u00a0 \u00a0 \u00a0 [&hellip;]<\/p>\n","protected":false},"author":1,"featured_media":0,"parent":0,"menu_order":0,"comment_status":"closed","ping_status":"closed","template":"","meta":{"ocean_post_layout":"","ocean_both_sidebars_style":"","ocean_both_sidebars_content_width":0,"ocean_both_sidebars_sidebars_width":0,"ocean_sidebar":"0","ocean_second_sidebar":"0","ocean_disable_margins":"enable","ocean_add_body_class":"","ocean_shortcode_before_top_bar":"","ocean_shortcode_after_top_bar":"","ocean_shortcode_before_header":"","ocean_shortcode_after_header":"","ocean_has_shortcode":"","ocean_shortcode_after_title":"","ocean_shortcode_before_footer_widgets":"","ocean_shortcode_after_footer_widgets":"","ocean_shortcode_before_footer_bottom":"","ocean_shortcode_after_footer_bottom":"","ocean_display_top_bar":"default","ocean_display_header":"default","ocean_header_style":"","ocean_center_header_left_menu":"0","ocean_custom_header_template":"0","ocean_custom_logo":0,"ocean_custom_retina_logo":0,"ocean_custom_logo_max_width":0,"ocean_custom_logo_tablet_max_width":0,"ocean_custom_logo_mobile_max_width":0,"ocean_custom_logo_max_height":0,"ocean_custom_logo_tablet_max_height":0,"ocean_custom_logo_mobile_max_height":0,"ocean_header_custom_menu":"0","ocean_menu_typo_font_family":"0","ocean_menu_typo_font_subset":"","ocean_menu_typo_font_size":0,"ocean_menu_typo_font_size_tablet":0,"ocean_menu_typo_font_size_mobile":0,"ocean_menu_typo_font_size_unit":"px","ocean_menu_typo_font_weight":"","ocean_menu_typo_font_weight_tablet":"","ocean_menu_typo_font_weight_mobile":"","ocean_menu_typo_transform":"","ocean_menu_typo_transform_tablet":"","ocean_menu_typo_transform_mobile":"","ocean_menu_typo_line_height":0,"ocean_menu_typo_line_height_tablet":0,"ocean_menu_typo_line_height_mobile":0,"ocean_menu_typo_line_height_unit":"","ocean_menu_typo_spacing":0,"ocean_menu_typo_spacing_tablet":0,"ocean_menu_typo_spacing_mobile":0,"ocean_menu_typo_spacing_unit":"","ocean_menu_link_color":"","ocean_menu_link_color_hover":"","ocean_menu_link_color_active":"","ocean_menu_link_background":"","ocean_menu_link_hover_background":"","ocean_menu_link_active_background":"","ocean_menu_social_links_bg":"","ocean_menu_social_hover_links_bg":"","ocean_menu_social_links_color":"","ocean_menu_social_hover_links_color":"","ocean_disable_title":"default","ocean_disable_heading":"default","ocean_post_title":"","ocean_post_subheading":"","ocean_post_title_style":"background-image","ocean_post_title_background_color":"","ocean_post_title_background":815,"ocean_post_title_bg_image_position":"top center","ocean_post_title_bg_image_attachment":"","ocean_post_title_bg_image_repeat":"no-repeat","ocean_post_title_bg_image_size":"","ocean_post_title_height":0,"ocean_post_title_bg_overlay":0.1000000000000000055511151231257827021181583404541015625,"ocean_post_title_bg_overlay_color":"","ocean_disable_breadcrumbs":"default","ocean_breadcrumbs_color":"","ocean_breadcrumbs_separator_color":"","ocean_breadcrumbs_links_color":"","ocean_breadcrumbs_links_hover_color":"","ocean_display_footer_widgets":"default","ocean_display_footer_bottom":"default","ocean_custom_footer_template":"0","footnotes":""},"class_list":["post-1305","page","type-page","status-publish","hentry","entry"],"_links":{"self":[{"href":"https:\/\/podjeleniem.pl\/de\/wp-json\/wp\/v2\/pages\/1305","targetHints":{"allow":["GET"]}}],"collection":[{"href":"https:\/\/podjeleniem.pl\/de\/wp-json\/wp\/v2\/pages"}],"about":[{"href":"https:\/\/podjeleniem.pl\/de\/wp-json\/wp\/v2\/types\/page"}],"author":[{"embeddable":true,"href":"https:\/\/podjeleniem.pl\/de\/wp-json\/wp\/v2\/users\/1"}],"replies":[{"embeddable":true,"href":"https:\/\/podjeleniem.pl\/de\/wp-json\/wp\/v2\/comments?post=1305"}],"version-history":[{"count":131,"href":"https:\/\/podjeleniem.pl\/de\/wp-json\/wp\/v2\/pages\/1305\/revisions"}],"predecessor-version":[{"id":3448,"href":"https:\/\/podjeleniem.pl\/de\/wp-json\/wp\/v2\/pages\/1305\/revisions\/3448"}],"wp:attachment":[{"href":"https:\/\/podjeleniem.pl\/de\/wp-json\/wp\/v2\/media?parent=1305"}],"curies":[{"name":"wp","href":"https:\/\/api.w.org\/{rel}","templated":true}]}}