{"id":1281,"date":"2018-10-10T06:49:18","date_gmt":"2018-10-10T04:49:18","guid":{"rendered":"http:\/\/podjeleniem.pl\/restauracja\/"},"modified":"2026-01-17T21:00:14","modified_gmt":"2026-01-17T20:00:14","slug":"restaurant","status":"publish","type":"page","link":"https:\/\/podjeleniem.pl\/de\/restaurant\/","title":{"rendered":"Restaurant"},"content":{"rendered":"\t\t<div data-elementor-type=\"wp-post\" data-elementor-id=\"1281\" class=\"elementor elementor-1281\">\n\t\t\t\t\t\t<section class=\"elementor-section elementor-top-section elementor-element elementor-element-186cd910 elementor-section-boxed elementor-section-height-default elementor-section-height-default\" data-id=\"186cd910\" data-element_type=\"section\" data-e-type=\"section\">\n\t\t\t\t\t\t<div class=\"elementor-container elementor-column-gap-default\">\n\t\t\t\t\t<div class=\"elementor-column elementor-col-100 elementor-top-column elementor-element elementor-element-75522220\" data-id=\"75522220\" data-element_type=\"column\" data-e-type=\"column\">\n\t\t\t<div class=\"elementor-widget-wrap elementor-element-populated\">\n\t\t\t\t\t\t<div class=\"elementor-element elementor-element-bfb0981 elementor-widget elementor-widget-text-editor\" data-id=\"bfb0981\" data-element_type=\"widget\" data-e-type=\"widget\" data-widget_type=\"text-editor.default\">\n\t\t\t\t<div class=\"elementor-widget-container\">\n\t\t\t\t\t\t\t\t\t<p>Hervorragende polnische und europ\u00e4ische K\u00fcche in einer eleganten und netten Atmosph\u00e4re unseres Restaurants werden die anspruchvollsten Kunden zufrieden stellen. Liebhaber guter Getr\u00e4nke laden wir in unsere Bar ein.<\/p><p>Unser Hotelrestaurant bietet sowohl schmackhafte altpolnische K\u00fcche als auch <strong>Wildspezialit\u00e4ten<\/strong>.<\/p><p>Pod wymagaj\u0105cym okiem Szefa Kuchni przygotowujemy dania ze \u015bwie\u017cych i regionalnych produkt\u00f3w,<br \/>kt\u00f3re ciesz\u0105 si\u0119 du\u017cym uznaniem w\u015br\u00f3d naszych Go\u015bci.<\/p><p>Auf Anfrage k\u00f6nnen Sie eine <u>spezielle Di\u00e4t<\/u> f\u00fcr Diabetiker, Vegetarier und Veganer zubereiten (nach vorheriger Absprache). Einzelheiten sind an der Hotelrezeption erh\u00e4ltlich.<\/p><p>Beim Kaffeetrinken k\u00f6nnen Sie gleichzeitig Klaviermusik genie\u00dfen.<\/p><p><strong>Das \u00c0-la-carte-Restaurant ist t\u00e4glich von 12:00 bis 17:00 Uhr ge\u00f6ffnet. Bestellung bis 16:00 Uhr<\/strong><\/p>\t\t\t\t\t\t\t\t<\/div>\n\t\t\t\t<\/div>\n\t\t\t\t\t<\/div>\n\t\t<\/div>\n\t\t\t\t\t<\/div>\n\t\t<\/section>\n\t\t\t\t<section class=\"elementor-section elementor-top-section elementor-element elementor-element-73686f6 elementor-section-boxed elementor-section-height-default elementor-section-height-default\" data-id=\"73686f6\" data-element_type=\"section\" data-e-type=\"section\">\n\t\t\t\t\t\t<div class=\"elementor-container elementor-column-gap-default\">\n\t\t\t\t\t<div class=\"elementor-column elementor-col-33 elementor-top-column elementor-element elementor-element-255f77a\" data-id=\"255f77a\" data-element_type=\"column\" data-e-type=\"column\">\n\t\t\t<div class=\"elementor-widget-wrap elementor-element-populated\">\n\t\t\t\t\t\t<div class=\"elementor-element elementor-element-9f56479 elementor-widget elementor-widget-image\" data-id=\"9f56479\" data-element_type=\"widget\" data-e-type=\"widget\" data-widget_type=\"image.default\">\n\t\t\t\t<div class=\"elementor-widget-container\">\n\t\t\t\t\t\t\t\t\t\t\t\t\t\t\t\t<a href=\"https:\/\/podjeleniem.pl\/wp-content\/uploads\/2025\/11\/restauracja-2025.jpg\" data-elementor-open-lightbox=\"no\">\n\t\t\t\t\t\t\t<img fetchpriority=\"high\" decoding=\"async\" width=\"1024\" height=\"682\" src=\"https:\/\/podjeleniem.pl\/wp-content\/uploads\/2025\/11\/restauracja-2025-1024x682.jpg\" class=\"attachment-large size-large wp-image-3370\" alt=\"\" srcset=\"https:\/\/podjeleniem.pl\/wp-content\/uploads\/2025\/11\/restauracja-2025-1024x682.jpg 1024w, https:\/\/podjeleniem.pl\/wp-content\/uploads\/2025\/11\/restauracja-2025-300x200.jpg 300w, https:\/\/podjeleniem.pl\/wp-content\/uploads\/2025\/11\/restauracja-2025-768x511.jpg 768w, https:\/\/podjeleniem.pl\/wp-content\/uploads\/2025\/11\/restauracja-2025.jpg 1200w\" sizes=\"(max-width: 1024px) 100vw, 1024px\" \/>\t\t\t\t\t\t\t\t<\/a>\n\t\t\t\t\t\t\t\t\t\t\t\t\t\t\t<\/div>\n\t\t\t\t<\/div>\n\t\t\t\t\t<\/div>\n\t\t<\/div>\n\t\t\t\t<div class=\"elementor-column elementor-col-33 elementor-top-column elementor-element elementor-element-3aa6e30\" data-id=\"3aa6e30\" data-element_type=\"column\" data-e-type=\"column\">\n\t\t\t<div class=\"elementor-widget-wrap elementor-element-populated\">\n\t\t\t\t\t\t<div class=\"elementor-element elementor-element-2220490 elementor-widget elementor-widget-image\" data-id=\"2220490\" data-element_type=\"widget\" data-e-type=\"widget\" data-widget_type=\"image.default\">\n\t\t\t\t<div class=\"elementor-widget-container\">\n\t\t\t\t\t\t\t\t\t\t\t\t\t\t\t\t<a href=\"https:\/\/podjeleniem.pl\/wp-content\/uploads\/2025\/11\/restauracja-2-2025.jpg\" data-elementor-open-lightbox=\"no\">\n\t\t\t\t\t\t\t<img decoding=\"async\" width=\"1024\" height=\"682\" src=\"https:\/\/podjeleniem.pl\/wp-content\/uploads\/2025\/11\/restauracja-2-2025-1024x682.jpg\" class=\"attachment-large size-large wp-image-3372\" alt=\"\" srcset=\"https:\/\/podjeleniem.pl\/wp-content\/uploads\/2025\/11\/restauracja-2-2025-1024x682.jpg 1024w, https:\/\/podjeleniem.pl\/wp-content\/uploads\/2025\/11\/restauracja-2-2025-300x200.jpg 300w, https:\/\/podjeleniem.pl\/wp-content\/uploads\/2025\/11\/restauracja-2-2025-768x511.jpg 768w, https:\/\/podjeleniem.pl\/wp-content\/uploads\/2025\/11\/restauracja-2-2025.jpg 1200w\" sizes=\"(max-width: 1024px) 100vw, 1024px\" \/>\t\t\t\t\t\t\t\t<\/a>\n\t\t\t\t\t\t\t\t\t\t\t\t\t\t\t<\/div>\n\t\t\t\t<\/div>\n\t\t\t\t\t<\/div>\n\t\t<\/div>\n\t\t\t\t<div class=\"elementor-column elementor-col-33 elementor-top-column elementor-element elementor-element-b44bcf5\" data-id=\"b44bcf5\" data-element_type=\"column\" data-e-type=\"column\">\n\t\t\t<div class=\"elementor-widget-wrap elementor-element-populated\">\n\t\t\t\t\t\t<div class=\"elementor-element elementor-element-2642716 elementor-widget elementor-widget-image\" data-id=\"2642716\" data-element_type=\"widget\" data-e-type=\"widget\" data-widget_type=\"image.default\">\n\t\t\t\t<div class=\"elementor-widget-container\">\n\t\t\t\t\t\t\t\t\t\t\t\t\t\t\t\t<a href=\"https:\/\/podjeleniem.pl\/wp-content\/uploads\/2024\/12\/IMG_4869.jpg\" data-elementor-open-lightbox=\"no\">\n\t\t\t\t\t\t\t<img decoding=\"async\" width=\"640\" height=\"480\" src=\"https:\/\/podjeleniem.pl\/wp-content\/uploads\/2024\/12\/IMG_4869.jpg\" class=\"attachment-medium_large size-medium_large wp-image-3208\" alt=\"\" srcset=\"https:\/\/podjeleniem.pl\/wp-content\/uploads\/2024\/12\/IMG_4869.jpg 640w, https:\/\/podjeleniem.pl\/wp-content\/uploads\/2024\/12\/IMG_4869-300x225.jpg 300w\" sizes=\"(max-width: 640px) 100vw, 640px\" \/>\t\t\t\t\t\t\t\t<\/a>\n\t\t\t\t\t\t\t\t\t\t\t\t\t\t\t<\/div>\n\t\t\t\t<\/div>\n\t\t\t\t\t<\/div>\n\t\t<\/div>\n\t\t\t\t\t<\/div>\n\t\t<\/section>\n\t\t\t\t<\/div>\n\t\t","protected":false},"excerpt":{"rendered":"<p>Hervorragende polnische und europ\u00e4ische K\u00fcche in einer eleganten und netten Atmosph\u00e4re unseres Restaurants werden die anspruchvollsten Kunden zufrieden stellen. Liebhaber guter Getr\u00e4nke laden wir in unsere Bar ein. Unser Hotelrestaurant bietet sowohl schmackhafte altpolnische K\u00fcche als auch Wildspezialit\u00e4ten. Pod wymagaj\u0105cym okiem Szefa Kuchni przygotowujemy dania ze \u015bwie\u017cych i regionalnych produkt\u00f3w,kt\u00f3re ciesz\u0105 si\u0119 du\u017cym uznaniem w\u015br\u00f3d [&hellip;]<\/p>\n","protected":false},"author":1,"featured_media":0,"parent":0,"menu_order":0,"comment_status":"closed","ping_status":"closed","template":"","meta":{"ocean_post_layout":"","ocean_both_sidebars_style":"","ocean_both_sidebars_content_width":0,"ocean_both_sidebars_sidebars_width":0,"ocean_sidebar":"0","ocean_second_sidebar":"0","ocean_disable_margins":"enable","ocean_add_body_class":"","ocean_shortcode_before_top_bar":"","ocean_shortcode_after_top_bar":"","ocean_shortcode_before_header":"","ocean_shortcode_after_header":"","ocean_has_shortcode":"","ocean_shortcode_after_title":"","ocean_shortcode_before_footer_widgets":"","ocean_shortcode_after_footer_widgets":"","ocean_shortcode_before_footer_bottom":"","ocean_shortcode_after_footer_bottom":"","ocean_display_top_bar":"default","ocean_display_header":"default","ocean_header_style":"","ocean_center_header_left_menu":"0","ocean_custom_header_template":"0","ocean_custom_logo":0,"ocean_custom_retina_logo":0,"ocean_custom_logo_max_width":0,"ocean_custom_logo_tablet_max_width":0,"ocean_custom_logo_mobile_max_width":0,"ocean_custom_logo_max_height":0,"ocean_custom_logo_tablet_max_height":0,"ocean_custom_logo_mobile_max_height":0,"ocean_header_custom_menu":"0","ocean_menu_typo_font_family":"0","ocean_menu_typo_font_subset":"","ocean_menu_typo_font_size":0,"ocean_menu_typo_font_size_tablet":0,"ocean_menu_typo_font_size_mobile":0,"ocean_menu_typo_font_size_unit":"px","ocean_menu_typo_font_weight":"","ocean_menu_typo_font_weight_tablet":"","ocean_menu_typo_font_weight_mobile":"","ocean_menu_typo_transform":"","ocean_menu_typo_transform_tablet":"","ocean_menu_typo_transform_mobile":"","ocean_menu_typo_line_height":0,"ocean_menu_typo_line_height_tablet":0,"ocean_menu_typo_line_height_mobile":0,"ocean_menu_typo_line_height_unit":"","ocean_menu_typo_spacing":0,"ocean_menu_typo_spacing_tablet":0,"ocean_menu_typo_spacing_mobile":0,"ocean_menu_typo_spacing_unit":"","ocean_menu_link_color":"","ocean_menu_link_color_hover":"","ocean_menu_link_color_active":"","ocean_menu_link_background":"","ocean_menu_link_hover_background":"","ocean_menu_link_active_background":"","ocean_menu_social_links_bg":"","ocean_menu_social_hover_links_bg":"","ocean_menu_social_links_color":"","ocean_menu_social_hover_links_color":"","ocean_disable_title":"default","ocean_disable_heading":"default","ocean_post_title":"","ocean_post_subheading":"","ocean_post_title_style":"background-image","ocean_post_title_background_color":"","ocean_post_title_background":667,"ocean_post_title_bg_image_position":"center center","ocean_post_title_bg_image_attachment":"","ocean_post_title_bg_image_repeat":"no-repeat","ocean_post_title_bg_image_size":"cover","ocean_post_title_height":0,"ocean_post_title_bg_overlay":0.1000000000000000055511151231257827021181583404541015625,"ocean_post_title_bg_overlay_color":"#ffffff","ocean_disable_breadcrumbs":"default","ocean_breadcrumbs_color":"","ocean_breadcrumbs_separator_color":"","ocean_breadcrumbs_links_color":"","ocean_breadcrumbs_links_hover_color":"","ocean_display_footer_widgets":"default","ocean_display_footer_bottom":"default","ocean_custom_footer_template":"0","footnotes":""},"class_list":["post-1281","page","type-page","status-publish","hentry","entry"],"_links":{"self":[{"href":"https:\/\/podjeleniem.pl\/de\/wp-json\/wp\/v2\/pages\/1281","targetHints":{"allow":["GET"]}}],"collection":[{"href":"https:\/\/podjeleniem.pl\/de\/wp-json\/wp\/v2\/pages"}],"about":[{"href":"https:\/\/podjeleniem.pl\/de\/wp-json\/wp\/v2\/types\/page"}],"author":[{"embeddable":true,"href":"https:\/\/podjeleniem.pl\/de\/wp-json\/wp\/v2\/users\/1"}],"replies":[{"embeddable":true,"href":"https:\/\/podjeleniem.pl\/de\/wp-json\/wp\/v2\/comments?post=1281"}],"version-history":[{"count":27,"href":"https:\/\/podjeleniem.pl\/de\/wp-json\/wp\/v2\/pages\/1281\/revisions"}],"predecessor-version":[{"id":3653,"href":"https:\/\/podjeleniem.pl\/de\/wp-json\/wp\/v2\/pages\/1281\/revisions\/3653"}],"wp:attachment":[{"href":"https:\/\/podjeleniem.pl\/de\/wp-json\/wp\/v2\/media?parent=1281"}],"curies":[{"name":"wp","href":"https:\/\/api.w.org\/{rel}","templated":true}]}}